{"id":81,"date":"2020-12-06T10:35:44","date_gmt":"2020-12-06T12:35:44","guid":{"rendered":"http:\/\/www.egecom.com.br\/?page_id=81"},"modified":"2020-12-06T15:15:08","modified_gmt":"2020-12-06T17:15:08","slug":"obras","status":"publish","type":"page","link":"http:\/\/www.egecom.com.br\/?page_id=81","title":{"rendered":"OBRAS"},"content":{"rendered":"\n<div class=\"wp-block-image\"><figure class=\"aligncenter size-large\"><img loading=\"lazy\" width=\"666\" height=\"667\" src=\"http:\/\/www.egecom.com.br\/wp-content\/uploads\/2020\/12\/image-3.png\" alt=\"\" class=\"wp-image-183\" srcset=\"http:\/\/www.egecom.com.br\/wp-content\/uploads\/2020\/12\/image-3.png 666w, http:\/\/www.egecom.com.br\/wp-content\/uploads\/2020\/12\/image-3-300x300.png 300w, http:\/\/www.egecom.com.br\/wp-content\/uploads\/2020\/12\/image-3-150x150.png 150w\" sizes=\"(max-width: 666px) 100vw, 666px\" \/><figcaption><br><strong>CONSTRU\u00c7\u00c3O DE AN\u00c9L \u00d3PTICO METROPOLITANO EM S\u00c3O PAULO<\/strong><br><strong>EXTENS\u00c3O DE 25 KM\u00a0 NA ZONA SUL E REGI\u00c3O CENTRAL\u00a0 \/ GERENCIAMENTO E FISCALIZA\u00c7\u00c3O\u00a0 DE VALA COMPARTILHADA \/ CONSTRU\u00c7\u00c3O DE\u00a0 TRAVESSIAS\u00a0 ESPECIAIS EM RODOVIAS E FERROVIAS E MICRO VALA URBANA<\/strong><\/figcaption><\/figure><\/div>\n","protected":false},"excerpt":{"rendered":"","protected":false},"author":1,"featured_media":0,"parent":0,"menu_order":0,"comment_status":"closed","ping_status":"closed","template":"templates\/template-page-full-width.php","meta":[],"_links":{"self":[{"href":"http:\/\/www.egecom.com.br\/index.php?rest_route=\/wp\/v2\/pages\/81"}],"collection":[{"href":"http:\/\/www.egecom.com.br\/index.php?rest_route=\/wp\/v2\/pages"}],"about":[{"href":"http:\/\/www.egecom.com.br\/index.php?rest_route=\/wp\/v2\/types\/page"}],"author":[{"embeddable":true,"href":"http:\/\/www.egecom.com.br\/index.php?rest_route=\/wp\/v2\/users\/1"}],"replies":[{"embeddable":true,"href":"http:\/\/www.egecom.com.br\/index.php?rest_route=%2Fwp%2Fv2%2Fcomments&post=81"}],"version-history":[{"count":7,"href":"http:\/\/www.egecom.com.br\/index.php?rest_route=\/wp\/v2\/pages\/81\/revisions"}],"predecessor-version":[{"id":189,"href":"http:\/\/www.egecom.com.br\/index.php?rest_route=\/wp\/v2\/pages\/81\/revisions\/189"}],"wp:attachment":[{"href":"http:\/\/www.egecom.com.br\/index.php?rest_route=%2Fwp%2Fv2%2Fmedia&parent=81"}],"curies":[{"name":"wp","href":"https:\/\/api.w.org\/{rel}","templated":true}]}}