{"id":2,"date":"2020-11-19T21:53:49","date_gmt":"2020-11-19T23:53:49","guid":{"rendered":"http:\/\/www.egecom.com.br\/?page_id=2"},"modified":"2020-12-06T15:42:10","modified_gmt":"2020-12-06T17:42:10","slug":"empresa","status":"publish","type":"page","link":"http:\/\/www.egecom.com.br\/?page_id=2","title":{"rendered":"SOBRE N\u00d3S"},"content":{"rendered":"\n<p>&nbsp;&nbsp;&nbsp;&nbsp;&nbsp;&nbsp; A&nbsp;&nbsp; EGECOM ENGENHARIA E CONSTRU\u00c7\u00c3O LTDA foi criada em meados de 2016 para atuar no ramo de constru\u00e7\u00e3o de redes subterr\u00e2neas de Telecom, Saneamento B\u00e1sico,&nbsp; G\u00e1s e Energia&nbsp; em todo territ\u00f3rio nacional.<\/p>\n\n\n\n<p>&nbsp;&nbsp;&nbsp;&nbsp;&nbsp; Oriunda de profissionais da \u00e1rea de telecomunica\u00e7\u00f5es,&nbsp; com larga experi\u00eancia&nbsp; no mercado, que atuavam em empresas como Promon,&nbsp; MetroRED e Ericsson , hoje&nbsp; tem como miss\u00e3o, desenvolver um trabalho com qualidade, seguran\u00e7a, responsabilidade&nbsp; social, dentro dos procedimentos&nbsp; e normas t\u00e9cnicas aplic\u00e1veis&nbsp; com o menor impacto ao meio ambiente, visando obter a satisfa\u00e7\u00e3o e fideliza\u00e7\u00e3o do cliente.<\/p>\n\n\n\n<p class=\"has-text-align-center\"><strong><span class=\"has-inline-color has-vivid-red-color\">MERCADO DE ATUA\u00c7\u00c3O<\/span><\/strong><\/p>\n\n\n\n<p class=\"has-text-align-center\">Perfura\u00e7\u00e3o Direcional&nbsp; (MND), MICRO VALA e VCA -Vala a C\u00e9u Aberto (MD)<\/p>\n\n\n\n<div class=\"wp-block-image\"><figure class=\"aligncenter size-large\"><img loading=\"lazy\" width=\"598\" height=\"94\" src=\"http:\/\/www.egecom.com.br\/wp-content\/uploads\/2020\/12\/image-6.png\" alt=\"\" class=\"wp-image-198\" srcset=\"http:\/\/www.egecom.com.br\/wp-content\/uploads\/2020\/12\/image-6.png 598w, http:\/\/www.egecom.com.br\/wp-content\/uploads\/2020\/12\/image-6-300x47.png 300w\" sizes=\"(max-width: 598px) 100vw, 598px\" \/><\/figure><\/div>\n\n\n\n<p class=\"has-text-align-center\"><strong><span class=\"has-inline-color has-vivid-red-color\">BENEFICIOS EGECOM<\/span><\/strong><\/p>\n\n\n\n<p class=\"has-text-align-center\">Rapidez, Seguran\u00e7a, Economia, Qualidade com Sustentabilidade.<\/p>\n\n\n\n<p><\/p>\n","protected":false},"excerpt":{"rendered":"<p>&nbsp;&nbsp;&nbsp;&nbsp;&nbsp;&nbsp; A&nbsp;&nbsp; EGECOM ENGENHARIA E CONSTRU\u00c7\u00c3O LTDA foi criada em meados de 2016 para atuar no ramo de constru\u00e7\u00e3o de redes subterr\u00e2neas de Telecom, Saneamento B\u00e1sico,&nbsp; G\u00e1s e Energia&nbsp; em todo territ\u00f3rio nacional. &nbsp;&nbsp;&nbsp;&nbsp;&nbsp; Oriunda de profissionais da \u00e1rea de telecomunica\u00e7\u00f5es,&nbsp; com larga experi\u00eancia&nbsp; no mercado, que atuavam em empresas como Promon,&nbsp; MetroRED e Ericsson [&hellip;]<\/p>\n","protected":false},"author":1,"featured_media":0,"parent":0,"menu_order":0,"comment_status":"closed","ping_status":"closed","template":"templates\/template-page-full-width.php","meta":[],"_links":{"self":[{"href":"http:\/\/www.egecom.com.br\/index.php?rest_route=\/wp\/v2\/pages\/2"}],"collection":[{"href":"http:\/\/www.egecom.com.br\/index.php?rest_route=\/wp\/v2\/pages"}],"about":[{"href":"http:\/\/www.egecom.com.br\/index.php?rest_route=\/wp\/v2\/types\/page"}],"author":[{"embeddable":true,"href":"http:\/\/www.egecom.com.br\/index.php?rest_route=\/wp\/v2\/users\/1"}],"replies":[{"embeddable":true,"href":"http:\/\/www.egecom.com.br\/index.php?rest_route=%2Fwp%2Fv2%2Fcomments&post=2"}],"version-history":[{"count":7,"href":"http:\/\/www.egecom.com.br\/index.php?rest_route=\/wp\/v2\/pages\/2\/revisions"}],"predecessor-version":[{"id":210,"href":"http:\/\/www.egecom.com.br\/index.php?rest_route=\/wp\/v2\/pages\/2\/revisions\/210"}],"wp:attachment":[{"href":"http:\/\/www.egecom.com.br\/index.php?rest_route=%2Fwp%2Fv2%2Fmedia&parent=2"}],"curies":[{"name":"wp","href":"https:\/\/api.w.org\/{rel}","templated":true}]}}